{"id":9280,"date":"2024-02-26T10:56:44","date_gmt":"2024-02-26T10:56:44","guid":{"rendered":"https:\/\/www.hoteldeschelde.nl\/menu\/"},"modified":"2026-03-31T10:13:00","modified_gmt":"2026-03-31T10:13:00","slug":"menu","status":"publish","type":"page","link":"https:\/\/www.hoteldeschelde.nl\/en\/menu\/","title":{"rendered":"Menu"},"content":{"rendered":"\t\t<div data-elementor-type=\"wp-page\" data-elementor-id=\"9280\" class=\"elementor elementor-9280 elementor-7272\" data-elementor-post-type=\"page\">\n\t\t\t\t\t\t<section class=\"elementor-section elementor-top-section elementor-element elementor-element-9b7552c elementor-section-full_width elementor-section-height-default elementor-section-height-default\" data-id=\"9b7552c\" data-element_type=\"section\" data-e-type=\"section\">\n\t\t\t\t\t\t\t<div class=\"elementor-background-overlay\"><\/div>\n\t\t\t\t\t\t\t<div class=\"elementor-container elementor-column-gap-no\">\n\t\t\t\t\t<div class=\"elementor-column elementor-col-100 elementor-top-column elementor-element elementor-element-1b9fe96d\" data-id=\"1b9fe96d\" data-element_type=\"column\" data-e-type=\"column\">\n\t\t\t<div class=\"elementor-widget-wrap elementor-element-populated\">\n\t\t\t\t\t\t<div class=\"elementor-element elementor-element-14c6ecbc elementor--v-position-bottom elementor--h-position-center elementor-arrows-position-inside elementor-pagination-position-inside elementor-widget elementor-widget-slides\" data-id=\"14c6ecbc\" data-element_type=\"widget\" data-e-type=\"widget\" data-settings=\"{&quot;navigation&quot;:&quot;both&quot;,&quot;autoplay&quot;:&quot;yes&quot;,&quot;pause_on_hover&quot;:&quot;yes&quot;,&quot;pause_on_interaction&quot;:&quot;yes&quot;,&quot;autoplay_speed&quot;:5000,&quot;infinite&quot;:&quot;yes&quot;,&quot;transition&quot;:&quot;slide&quot;,&quot;transition_speed&quot;:500}\" data-widget_type=\"slides.default\">\n\t\t\t\t\t\t\t\t\t\t<div class=\"elementor-slides-wrapper elementor-main-swiper swiper\" role=\"region\" aria-roledescription=\"carousel\" aria-label=\"Slides\" dir=\"ltr\" data-animation=\"fadeInUp\">\n\t\t\t\t<div class=\"swiper-wrapper elementor-slides\">\n\t\t\t\t\t\t\t\t\t\t<div class=\"elementor-repeater-item-dbc49a5 swiper-slide\" role=\"group\" aria-roledescription=\"slide\"><div class=\"swiper-slide-bg\" role=\"img\" aria-label=\"Restaurant Cadzand\"><\/div><div class=\"swiper-slide-inner\" ><div class=\"swiper-slide-contents\"><\/div><\/div><\/div>\t\t\t\t<\/div>\n\t\t\t\t\t\t\t<\/div>\n\t\t\t\t\t\t\t\t<\/div>\n\t\t\t\t\t<\/div>\n\t\t<\/div>\n\t\t\t\t\t<\/div>\n\t\t<\/section>\n\t\t\t\t<section class=\"elementor-section elementor-top-section elementor-element elementor-element-568c741d elementor-section-stretched elementor-section-boxed elementor-section-height-default elementor-section-height-default\" data-id=\"568c741d\" data-element_type=\"section\" data-e-type=\"section\" data-settings=\"{&quot;stretch_section&quot;:&quot;section-stretched&quot;,&quot;background_background&quot;:&quot;classic&quot;}\">\n\t\t\t\t\t\t<div class=\"elementor-container elementor-column-gap-no\">\n\t\t\t\t\t<div class=\"elementor-column elementor-col-100 elementor-top-column elementor-element elementor-element-7a41dfec\" data-id=\"7a41dfec\" data-element_type=\"column\" data-e-type=\"column\">\n\t\t\t<div class=\"elementor-widget-wrap elementor-element-populated\">\n\t\t\t\t\t\t<section class=\"elementor-section elementor-inner-section elementor-element elementor-element-80ca321 elementor-section-boxed elementor-section-height-default elementor-section-height-default\" data-id=\"80ca321\" data-element_type=\"section\" data-e-type=\"section\">\n\t\t\t\t\t\t<div class=\"elementor-container elementor-column-gap-default\">\n\t\t\t\t\t<div class=\"elementor-column elementor-col-100 elementor-inner-column elementor-element elementor-element-1acc612\" data-id=\"1acc612\" data-element_type=\"column\" data-e-type=\"column\">\n\t\t\t<div class=\"elementor-widget-wrap elementor-element-populated\">\n\t\t\t\t\t\t<div class=\"elementor-element elementor-element-8342588 elementor-widget elementor-widget-tp-accordion\" data-id=\"8342588\" data-element_type=\"widget\" data-e-type=\"widget\" data-widget_type=\"tp-accordion.default\">\n\t\t\t\t<div class=\"elementor-widget-container\">\n\t\t\t\t\t\r\n\t\t<div class=\"theplus-accordion-wrapper elementor-accordion   \" id=\"accordion6a060b0525f0c\" data-accordion-id=\"accordion6a060b0525f0c\" data-connection=\"\" data-accordion-type=\"accordion\" data-heightlight-text    role=\"tablist\" > \r\n\t\t\r\n\t\t\t\t\t\t<div class=\"theplus-accordion-item\"  role=\"tab\">\r\n\t\t\t\t\t<div id=\"elementor-tab-title-1371\" class=\"elementor-tab-title plus-accordion-header no text-left \" data-tab=\"1\" aria-controls=\"elementor-tab-content-1371\"\t\t\t\t\t>\r\n\t\t\t\t\t\r\n\t\t\t\t\t\t<span style=\"width:100%\">Tapas to share<\/span>\t\t\t\t\t\t\t\t\t\t\t<\/div>\r\n\r\n\t\t\t\t\t\t\t\t\t\t\t<div \r\n\t\t\t\t\t\tid=\"elementor-tab-content-1371\" class=\"elementor-tab-content elementor-clearfix plus-accordion-content no \" data-tab=\"1\" role=\"tabpanel\" aria-labelledby=\"elementor-tab-title-1371\"\t\t\t\t\t\t> \r\n\t\t\t\t\t\t\t\t\t\t<div class=\"plus-content-editor\" ><p>Tapas to share<\/p>\n<p>To share with your aperitif or as a snack<\/p>\n<p>BREADBOARD 9.5<br \/>Pesto \/ Garlic butter \/ Tomato salsa<\/p>\n<p>TAPAS BOARD 27<br \/>Manchego \/ Prosciutto di Parma \/ Old Breskens Cheese \/ Chicken croquette \/<br \/>Calamari Fritti \/ Shrimp \/ Cheese Balls<\/p>\n<p>SQUID FRITTI 12<br \/>Tartar sauce<\/p>\n<p>MANCHEGO &amp; OUD BRESJES CHEESE 12<br \/>Mustard dip<\/p>\n<p>LARGE WILD SHRIMP 19<br \/>Romesco sauce<\/p>\n<p>BLACK POTATO 14<br \/>70 Grams<\/p>\n<p>CHICKEN CROQUETTE 14<br \/>Curry mayonnaise<\/p>\n<p>CHEESE BALLS 11<br \/>Curry mayonnaise<\/p>\n<p>OYSTERS (Per piece) 4<br \/>Zeeland&#8217;s Fame \/ Seasonal oyster<\/p>\n<\/div>\t\t\t\t\t\r\n\t\t\t\t\t\t<\/div> \r\n\t\t\t\t\t\t\t\t\t\t\r\n\t\t\t\t<\/div> \r\n\t\t\t\t\t\t\t\t<div class=\"theplus-accordion-item\"  role=\"tab\">\r\n\t\t\t\t\t<div id=\"elementor-tab-title-1372\" class=\"elementor-tab-title plus-accordion-header active-default text-left \" data-tab=\"2\" aria-controls=\"elementor-tab-content-1372\"\t\t\t\t\t>\r\n\t\t\t\t\t\r\n\t\t\t\t\t\t<span style=\"width:100%\">Dinner<\/span>\t\t\t\t\t\t\t\t\t\t\t<\/div>\r\n\r\n\t\t\t\t\t\t\t\t\t\t\t<div \r\n\t\t\t\t\t\tid=\"elementor-tab-content-1372\" class=\"elementor-tab-content elementor-clearfix plus-accordion-content active-default \" data-tab=\"2\" role=\"tabpanel\" aria-labelledby=\"elementor-tab-title-1372\"\t\t\t\t\t\t> \r\n\t\t\t\t\t\t\t\t\t\t<div class=\"plus-content-editor\" ><p><strong>Appetisers<\/strong><\/p>\n<p>CARPACCIO 16<br \/>Truffle mayonnaise \/ Sun-dried tomatoes \/ Olives \/ Pine nut<\/p>\n<p>BEETROOT CARPACCIO 17<br \/>Beetroot \/ Goat cheese \/ Figs<\/p>\n<p>TUNA TARTARE 19<br \/>Wasabi mayonnaise \/ Wakame \/ Sesame seed<\/p>\n<p>FLEMISH SHRIMP CroQUETTES (2 pieces) 20<br \/>Fresh salad \/ Tartar sauce \/ Bread<\/p>\n<p>WILD GAMBA&#8217;S PILL PIL 19<br \/>Red pepper \/ Garlic \/ Olive oil<\/p>\n<p>RED MULLET 24<br \/>Asparagus cream \/ White asparagus \/ Pistachio<\/p>\n<p>BAVAROIS 24<br \/>Lobster \/ Avocado \/ Bavarois from bisque<\/p>\n<p>HALF CANADIAN LOBSTEER 35<br \/>Cooked \/ Cocktail \/ Salad \/ \u00b1 300 gr [+ of the plate \/ garlic butter 2.5]<\/p>\n<p>SOUP OF THE MOMENT 9<br \/>Bread<\/p>\n<p>FISH SOUP 12<br \/>Bread<\/p>\n<p><strong>Main dishes<\/strong><\/p>\n<p>WHITE ASPARAGUS 27.5<br \/>Cream butter \/ Farm egg \/ Parsley \/ Ham<\/p>\n<p>SEA BASS 32<br \/>White asparagus \/ Hollandaise sauce \/ Kriel potato<\/p>\n<p>SOLE 35<br \/>Baked on the bone (2 pieces) \/ Salad \/ Fries<\/p>\n<p>COD HARE 30<br \/>Bearnaise sauce \/ Seasonal vegetables \/ Mashed potatoes<\/p>\n<p>LACQUERED SALMON 28.5<br \/>Black pasta \/ Bisque \/ Garlic<\/p>\n<p>LINGUINE SEAFOOD 28.5<br \/>Olive \/ capers \/ Garlic<\/p>\n<p>BOUILLABAISSE 25<br \/>Rouille \/ Cheese \/ Bread<\/p>\n<p>WHOLE CANADIAN LOBSTER 65<br \/>Cooked \/ Cocktail \/ Salad \/ \u00b1 600 gr [+ of the plate \/ garlic butter 2.5]<\/p>\n<p>STEW 26<br \/>Beef \/ Seasonal Vegetables \/ Fries<\/p>\n<p>LAMB FILLET 36<br \/>Honey-thyme sauce \/ White asparagus \/ Kriel potato<\/p>\n<p>RIBEYE 34<br \/>Salad \/ Fries \/ Chimichurri or sauce of your choice [+ pepper sauce 4.5, + Bearnaise sauce 5<\/p>\n<p><strong>Dessert<\/strong><\/p>\n<p>LEMON PIE 14<br \/>Lemon \/ Whipped Cream \/ Cream Cheese<\/p>\n<p>RED FRUIT 14<br \/>Mango sorbet \/ Raspberry coulis \/ Meringue<\/p>\n<p>TARTE TATIN 10<br \/>Vanilla ice cream \/ whipped cream<\/p>\n<p>CR\u00c8ME BR\u00dbL\u00c9E 10<br \/>Burnt sugar \/ Vanilla<\/p>\n<p>LADY WHITE 10<br \/>Vanilla ice cream \/ Hot chocolate \/ Whipped cream<\/p>\n<p>CHOCOLATE 14<br \/>Brownie \/ Chocolate ice cream \/ Mousse<\/p>\n<p>CHEESE PLATE 14<br \/>Cheese farmer from Sluis \/ Raisin bread \/ Fig<\/p>\n<p>Espresso Martini 11.5<br \/>After Dinner Cocktail<\/p>\n<p>CHILDREN&#8217;S ICE CREAM 6<br \/>Party \/ Vanilla ice cream \/ Whipped cream<\/p>\n<\/div>\t\t\t\t\t\r\n\t\t\t\t\t\t<\/div> \r\n\t\t\t\t\t\t\t\t\t\t\r\n\t\t\t\t<\/div> \r\n\t\t\t\t\t\t\t\t<div class=\"theplus-accordion-item\"  role=\"tab\">\r\n\t\t\t\t\t<div id=\"elementor-tab-title-1373\" class=\"elementor-tab-title plus-accordion-header no text-left \" data-tab=\"3\" aria-controls=\"elementor-tab-content-1373\"\t\t\t\t\t>\r\n\t\t\t\t\t\r\n\t\t\t\t\t\t<span style=\"width:100%\">Children's dishes<\/span>\t\t\t\t\t\t\t\t\t\t\t<\/div>\r\n\r\n\t\t\t\t\t\t\t\t\t\t\t<div \r\n\t\t\t\t\t\tid=\"elementor-tab-content-1373\" class=\"elementor-tab-content elementor-clearfix plus-accordion-content no \" data-tab=\"3\" role=\"tabpanel\" aria-labelledby=\"elementor-tab-title-1373\"\t\t\t\t\t\t> \r\n\t\t\t\t\t\t\t\t\t\t<div class=\"plus-content-editor\" ><p>MEAT CROQUETTE 9.5<br \/>Applesauce \/ Fries<\/p>\n<p>CHICKEN NUGGETS 11.5<br \/>Homemade \/ Applesauce \/ Fries<\/p>\n<p>STEAK 15<br \/>Applesauce \/ Fries<\/p>\n<p>COD 15<br \/>Applesauce \/ Fries<\/p>\n<p>LINGUINE 12<br \/>Pesto or Tomato Sauce<\/p>\n<p>CHILDREN&#8217;S ICE CREAM 6<br \/>Party \/ Vanilla ice cream \/ Whipped cream<\/p>\n<p>Warm vegetables instead of applesauce 2<\/p>\n<\/div>\t\t\t\t\t\r\n\t\t\t\t\t\t<\/div> \r\n\t\t\t\t\t\t\t\t\t\t\r\n\t\t\t\t<\/div> \r\n\t\t\t\t\t\t\t\t<div class=\"theplus-accordion-item\"  role=\"tab\">\r\n\t\t\t\t\t<div id=\"elementor-tab-title-1374\" class=\"elementor-tab-title plus-accordion-header no text-left \" data-tab=\"4\" aria-controls=\"elementor-tab-content-1374\"\t\t\t\t\t>\r\n\t\t\t\t\t\r\n\t\t\t\t\t\t<span style=\"width:100%\">Lunch<\/span>\t\t\t\t\t\t\t\t\t\t\t<\/div>\r\n\r\n\t\t\t\t\t\t\t\t\t\t\t<div \r\n\t\t\t\t\t\tid=\"elementor-tab-content-1374\" class=\"elementor-tab-content elementor-clearfix plus-accordion-content no \" data-tab=\"4\" role=\"tabpanel\" aria-labelledby=\"elementor-tab-title-1374\"\t\t\t\t\t\t> \r\n\t\t\t\t\t\t\t\t\t\t<div class=\"plus-content-editor\" ><p><strong>(Until 17.00)<\/strong><\/p>\n<p>FOCACCIA PULLED PORK 15<br \/>Salad \/ Pork \/ Cheese<\/p>\n<p>FOCACCIA SMOKED SALMON 15<br \/>Salad \/ Avocado<\/p>\n<p>FOCACCIA BRIE 13<br \/>Salad \/ Honey \/ Nuts<\/p>\n<p>FLEMISH SHRIMP CroQUETTES (2 pieces) 18.5<br \/>Fresh salad \/ Tartar sauce \/ Bread<\/p>\n<p>MEAT CROQUETTES (2 pieces) 15<br \/>Fresh salad \/ Mustard \/ Bread<\/p>\n<p>CHEESE CROQUETTES (2 pieces) 16<br \/>Fresh salad \/ Bread<\/p>\n<p>SANDWICH SINGLE \/ DOUBLE 9 \/ 12<br \/>Ham \/ Young matured cheese \/ Salad<\/p>\n<p>GOAT CHEESE SALAD 21<br \/>Fresh salad \/ Walnut \/ Bread<\/p>\n<p>GREEK SALAD WITH BEETROOT 21<br \/>Fresh salad \/ Feta \/ Bread<\/p>\n<p>CAESAR SALAD 21<br \/>Chicken \/ Hove egg \/ Parmesan<\/p>\n<p><strong>Delicious with the coffee<\/strong><\/p>\n<p>CHOCOLATE BROWNIE 9.5<br \/>Whipped cream<\/p>\n<p>TARTE TATIN 10<br \/>Vanilla ice cream \/ whipped cream<\/p>\n<\/div>\t\t\t\t\t\r\n\t\t\t\t\t\t<\/div> \r\n\t\t\t\t\t\t\t\t\t\t\r\n\t\t\t\t<\/div> \r\n\t\t\t\t\r\n\t\t<\/div>  \r\n\t\t\t\t\t\t<\/div>\n\t\t\t\t<\/div>\n\t\t\t\t\t<\/div>\n\t\t<\/div>\n\t\t\t\t\t<\/div>\n\t\t<\/section>\n\t\t\t\t\t<\/div>\n\t\t<\/div>\n\t\t\t\t\t<\/div>\n\t\t<\/section>\n\t\t\t\t<\/div>\n\t\t","protected":false},"excerpt":{"rendered":"<p>Tapas to share Tapas to share To share with your aperitif or as a snack BREADBOARD 9.5Pesto \/ Garlic butter \/ Tomato salsa TAPAS BOARD 27Manchego \/ Prosciutto di Parma \/ Old Breskens Cheese \/ Chicken croquette \/Calamari Fritti \/ Shrimp \/ Cheese Balls SQUID FRITTI 12Tartar sauce MANCHEGO &amp; OUD BRESJES CHEESE 12Mustard dip [&hellip;]<\/p>\n","protected":false},"author":3,"featured_media":0,"parent":0,"menu_order":0,"comment_status":"closed","ping_status":"closed","template":"","meta":{"footnotes":""},"class_list":["post-9280","page","type-page","status-publish","hentry"],"yoast_head":"<!-- This site is optimized with the Yoast SEO plugin v27.5 - https:\/\/yoast.com\/product\/yoast-seo-wordpress\/ -->\n<title>Menu - Hotel de Schelde Cadzand-Bad<\/title>\n<meta name=\"robots\" content=\"index, follow, max-snippet:-1, max-image-preview:large, max-video-preview:-1\" \/>\n<link rel=\"canonical\" href=\"https:\/\/www.hoteldeschelde.nl\/menu\/\" \/>\n<meta property=\"og:locale\" content=\"en_US\" \/>\n<meta property=\"og:type\" content=\"article\" \/>\n<meta property=\"og:title\" content=\"Menu - Hotel de Schelde Cadzand-Bad\" \/>\n<meta property=\"og:description\" content=\"Tapas to share Tapas to share To share with your aperitif or as a snack BREADBOARD 9.5Pesto \/ Garlic butter \/ Tomato salsa TAPAS BOARD 27Manchego \/ Prosciutto di Parma \/ Old Breskens Cheese \/ Chicken croquette \/Calamari Fritti \/ Shrimp \/ Cheese Balls SQUID FRITTI 12Tartar sauce MANCHEGO &amp; OUD BRESJES CHEESE 12Mustard dip [&hellip;]\" \/>\n<meta property=\"og:url\" content=\"https:\/\/www.hoteldeschelde.nl\/menu\/\" \/>\n<meta property=\"og:site_name\" content=\"Hotel de Schelde Cadzand-Bad\" \/>\n<meta property=\"article:publisher\" content=\"https:\/\/www.facebook.com\/hoteldeschelde\/?locale=nl_NL\" \/>\n<meta property=\"article:modified_time\" content=\"2026-03-31T10:13:00+00:00\" \/>\n<meta property=\"og:image\" content=\"https:\/\/www.hoteldeschelde.nl\/wp-content\/uploads\/2022\/01\/beeld-residentie.jpg\" \/>\n\t<meta property=\"og:image:width\" content=\"1920\" \/>\n\t<meta property=\"og:image:height\" content=\"1280\" \/>\n\t<meta property=\"og:image:type\" content=\"image\/jpeg\" \/>\n<meta name=\"twitter:card\" content=\"summary_large_image\" \/>\n<meta name=\"twitter:label1\" content=\"Est. reading time\" \/>\n\t<meta name=\"twitter:data1\" content=\"3 minutes\" \/>\n<script type=\"application\/ld+json\" class=\"yoast-schema-graph\">{\"@context\":\"https:\\\/\\\/schema.org\",\"@graph\":[{\"@type\":\"WebPage\",\"@id\":\"https:\\\/\\\/www.hoteldeschelde.nl\\\/menu\\\/\",\"url\":\"https:\\\/\\\/www.hoteldeschelde.nl\\\/menu\\\/\",\"name\":\"Menu - Hotel de Schelde Cadzand-Bad\",\"isPartOf\":{\"@id\":\"https:\\\/\\\/www.hoteldeschelde.nl\\\/#website\"},\"datePublished\":\"2024-02-26T10:56:44+00:00\",\"dateModified\":\"2026-03-31T10:13:00+00:00\",\"breadcrumb\":{\"@id\":\"https:\\\/\\\/www.hoteldeschelde.nl\\\/menu\\\/#breadcrumb\"},\"inLanguage\":\"en-US\",\"potentialAction\":[{\"@type\":\"ReadAction\",\"target\":[\"https:\\\/\\\/www.hoteldeschelde.nl\\\/menu\\\/\"]}]},{\"@type\":\"BreadcrumbList\",\"@id\":\"https:\\\/\\\/www.hoteldeschelde.nl\\\/menu\\\/#breadcrumb\",\"itemListElement\":[{\"@type\":\"ListItem\",\"position\":1,\"name\":\"Home\",\"item\":\"https:\\\/\\\/www.hoteldeschelde.nl\\\/\"},{\"@type\":\"ListItem\",\"position\":2,\"name\":\"Menu\"}]},{\"@type\":\"WebSite\",\"@id\":\"https:\\\/\\\/www.hoteldeschelde.nl\\\/#website\",\"url\":\"https:\\\/\\\/www.hoteldeschelde.nl\\\/\",\"name\":\"Hotel De Schelde - Cadzand-Bad\",\"description\":\"Hotel de Schelde Cadzand-Bad\",\"publisher\":{\"@id\":\"https:\\\/\\\/www.hoteldeschelde.nl\\\/#organization\"},\"alternateName\":\"Hotel de Schelde\",\"potentialAction\":[{\"@type\":\"SearchAction\",\"target\":{\"@type\":\"EntryPoint\",\"urlTemplate\":\"https:\\\/\\\/www.hoteldeschelde.nl\\\/?s={search_term_string}\"},\"query-input\":{\"@type\":\"PropertyValueSpecification\",\"valueRequired\":true,\"valueName\":\"search_term_string\"}}],\"inLanguage\":\"en-US\"},{\"@type\":\"Organization\",\"@id\":\"https:\\\/\\\/www.hoteldeschelde.nl\\\/#organization\",\"name\":\"Hotel De Schelde Cadzand-Bad\",\"url\":\"https:\\\/\\\/www.hoteldeschelde.nl\\\/\",\"logo\":{\"@type\":\"ImageObject\",\"inLanguage\":\"en-US\",\"@id\":\"https:\\\/\\\/www.hoteldeschelde.nl\\\/#\\\/schema\\\/logo\\\/image\\\/\",\"url\":\"https:\\\/\\\/www.hoteldeschelde.nl\\\/wp-content\\\/uploads\\\/2021\\\/11\\\/21-11-logo-350px.png\",\"contentUrl\":\"https:\\\/\\\/www.hoteldeschelde.nl\\\/wp-content\\\/uploads\\\/2021\\\/11\\\/21-11-logo-350px.png\",\"width\":350,\"height\":113,\"caption\":\"Hotel De Schelde Cadzand-Bad\"},\"image\":{\"@id\":\"https:\\\/\\\/www.hoteldeschelde.nl\\\/#\\\/schema\\\/logo\\\/image\\\/\"},\"sameAs\":[\"https:\\\/\\\/www.facebook.com\\\/hoteldeschelde\\\/?locale=nl_NL\",\"https:\\\/\\\/www.instagram.com\\\/hoteldeschelde\\\/\"]}]}<\/script>\n<!-- \/ Yoast SEO plugin. -->","yoast_head_json":{"title":"Menu - Hotel de Schelde Cadzand-Bad","robots":{"index":"index","follow":"follow","max-snippet":"max-snippet:-1","max-image-preview":"max-image-preview:large","max-video-preview":"max-video-preview:-1"},"canonical":"https:\/\/www.hoteldeschelde.nl\/menu\/","og_locale":"en_US","og_type":"article","og_title":"Menu - Hotel de Schelde Cadzand-Bad","og_description":"Tapas to share Tapas to share To share with your aperitif or as a snack BREADBOARD 9.5Pesto \/ Garlic butter \/ Tomato salsa TAPAS BOARD 27Manchego \/ Prosciutto di Parma \/ Old Breskens Cheese \/ Chicken croquette \/Calamari Fritti \/ Shrimp \/ Cheese Balls SQUID FRITTI 12Tartar sauce MANCHEGO &amp; OUD BRESJES CHEESE 12Mustard dip [&hellip;]","og_url":"https:\/\/www.hoteldeschelde.nl\/menu\/","og_site_name":"Hotel de Schelde Cadzand-Bad","article_publisher":"https:\/\/www.facebook.com\/hoteldeschelde\/?locale=nl_NL","article_modified_time":"2026-03-31T10:13:00+00:00","og_image":[{"width":1920,"height":1280,"url":"https:\/\/www.hoteldeschelde.nl\/wp-content\/uploads\/2022\/01\/beeld-residentie.jpg","type":"image\/jpeg"}],"twitter_card":"summary_large_image","twitter_misc":{"Est. reading time":"3 minutes"},"schema":{"@context":"https:\/\/schema.org","@graph":[{"@type":"WebPage","@id":"https:\/\/www.hoteldeschelde.nl\/menu\/","url":"https:\/\/www.hoteldeschelde.nl\/menu\/","name":"Menu - Hotel de Schelde Cadzand-Bad","isPartOf":{"@id":"https:\/\/www.hoteldeschelde.nl\/#website"},"datePublished":"2024-02-26T10:56:44+00:00","dateModified":"2026-03-31T10:13:00+00:00","breadcrumb":{"@id":"https:\/\/www.hoteldeschelde.nl\/menu\/#breadcrumb"},"inLanguage":"en-US","potentialAction":[{"@type":"ReadAction","target":["https:\/\/www.hoteldeschelde.nl\/menu\/"]}]},{"@type":"BreadcrumbList","@id":"https:\/\/www.hoteldeschelde.nl\/menu\/#breadcrumb","itemListElement":[{"@type":"ListItem","position":1,"name":"Home","item":"https:\/\/www.hoteldeschelde.nl\/"},{"@type":"ListItem","position":2,"name":"Menu"}]},{"@type":"WebSite","@id":"https:\/\/www.hoteldeschelde.nl\/#website","url":"https:\/\/www.hoteldeschelde.nl\/","name":"Hotel De Schelde - Cadzand-Bad","description":"Hotel de Schelde Cadzand-Bad","publisher":{"@id":"https:\/\/www.hoteldeschelde.nl\/#organization"},"alternateName":"Hotel de Schelde","potentialAction":[{"@type":"SearchAction","target":{"@type":"EntryPoint","urlTemplate":"https:\/\/www.hoteldeschelde.nl\/?s={search_term_string}"},"query-input":{"@type":"PropertyValueSpecification","valueRequired":true,"valueName":"search_term_string"}}],"inLanguage":"en-US"},{"@type":"Organization","@id":"https:\/\/www.hoteldeschelde.nl\/#organization","name":"Hotel De Schelde Cadzand-Bad","url":"https:\/\/www.hoteldeschelde.nl\/","logo":{"@type":"ImageObject","inLanguage":"en-US","@id":"https:\/\/www.hoteldeschelde.nl\/#\/schema\/logo\/image\/","url":"https:\/\/www.hoteldeschelde.nl\/wp-content\/uploads\/2021\/11\/21-11-logo-350px.png","contentUrl":"https:\/\/www.hoteldeschelde.nl\/wp-content\/uploads\/2021\/11\/21-11-logo-350px.png","width":350,"height":113,"caption":"Hotel De Schelde Cadzand-Bad"},"image":{"@id":"https:\/\/www.hoteldeschelde.nl\/#\/schema\/logo\/image\/"},"sameAs":["https:\/\/www.facebook.com\/hoteldeschelde\/?locale=nl_NL","https:\/\/www.instagram.com\/hoteldeschelde\/"]}]}},"_links":{"self":[{"href":"https:\/\/www.hoteldeschelde.nl\/en\/wp-json\/wp\/v2\/pages\/9280","targetHints":{"allow":["GET"]}}],"collection":[{"href":"https:\/\/www.hoteldeschelde.nl\/en\/wp-json\/wp\/v2\/pages"}],"about":[{"href":"https:\/\/www.hoteldeschelde.nl\/en\/wp-json\/wp\/v2\/types\/page"}],"author":[{"embeddable":true,"href":"https:\/\/www.hoteldeschelde.nl\/en\/wp-json\/wp\/v2\/users\/3"}],"replies":[{"embeddable":true,"href":"https:\/\/www.hoteldeschelde.nl\/en\/wp-json\/wp\/v2\/comments?post=9280"}],"version-history":[{"count":78,"href":"https:\/\/www.hoteldeschelde.nl\/en\/wp-json\/wp\/v2\/pages\/9280\/revisions"}],"predecessor-version":[{"id":10123,"href":"https:\/\/www.hoteldeschelde.nl\/en\/wp-json\/wp\/v2\/pages\/9280\/revisions\/10123"}],"wp:attachment":[{"href":"https:\/\/www.hoteldeschelde.nl\/en\/wp-json\/wp\/v2\/media?parent=9280"}],"curies":[{"name":"wp","href":"https:\/\/api.w.org\/{rel}","templated":true}]}}