{"id":3457,"date":"2022-02-04T10:39:09","date_gmt":"2022-02-04T10:39:09","guid":{"rendered":"https:\/\/demosites.be\/schwimmbad-wellness\/"},"modified":"2023-11-18T16:10:45","modified_gmt":"2023-11-18T16:10:45","slug":"schwimmbad-wellness","status":"publish","type":"page","link":"https:\/\/www.hoteldeschelde.nl\/de\/schwimmbad-wellness\/","title":{"rendered":"Schwimmbad &amp; Wellness"},"content":{"rendered":"\t\t<div data-elementor-type=\"wp-page\" data-elementor-id=\"3457\" class=\"elementor elementor-3457 elementor-2117\" data-elementor-post-type=\"page\">\n\t\t\t\t\t\t<section class=\"elementor-section elementor-top-section elementor-element elementor-element-38580638 elementor-section-full_width elementor-section-height-default elementor-section-height-default\" data-id=\"38580638\" data-element_type=\"section\" data-e-type=\"section\">\n\t\t\t\t\t\t\t<div class=\"elementor-background-overlay\"><\/div>\n\t\t\t\t\t\t\t<div class=\"elementor-container elementor-column-gap-no\">\n\t\t\t\t\t<div class=\"elementor-column elementor-col-100 elementor-top-column elementor-element elementor-element-2b53c46d\" data-id=\"2b53c46d\" data-element_type=\"column\" data-e-type=\"column\">\n\t\t\t<div class=\"elementor-widget-wrap elementor-element-populated\">\n\t\t\t\t\t\t<div class=\"elementor-element elementor-element-1e9b5253 elementor--v-position-bottom elementor--h-position-center elementor-arrows-position-inside elementor-pagination-position-inside elementor-widget elementor-widget-slides\" data-id=\"1e9b5253\" data-element_type=\"widget\" data-e-type=\"widget\" data-settings=\"{&quot;navigation&quot;:&quot;both&quot;,&quot;autoplay&quot;:&quot;yes&quot;,&quot;pause_on_hover&quot;:&quot;yes&quot;,&quot;pause_on_interaction&quot;:&quot;yes&quot;,&quot;autoplay_speed&quot;:5000,&quot;infinite&quot;:&quot;yes&quot;,&quot;transition&quot;:&quot;slide&quot;,&quot;transition_speed&quot;:500}\" data-widget_type=\"slides.default\">\n\t\t\t\t\t\t\t\t\t\t<div class=\"elementor-slides-wrapper elementor-main-swiper swiper\" role=\"region\" aria-roledescription=\"carousel\" aria-label=\"Slider\" dir=\"ltr\" data-animation=\"fadeInUp\">\n\t\t\t\t<div class=\"swiper-wrapper elementor-slides\">\n\t\t\t\t\t\t\t\t\t\t<div class=\"elementor-repeater-item-dbc49a5 swiper-slide\" role=\"group\" aria-roledescription=\"slide\"><div class=\"swiper-slide-bg\" role=\"img\" aria-label=\"zwembad hotel cadzand bad, Hotel de Schelde\"><\/div><div class=\"swiper-slide-inner\" ><div class=\"swiper-slide-contents\"><\/div><\/div><\/div>\t\t\t\t<\/div>\n\t\t\t\t\t\t\t<\/div>\n\t\t\t\t\t\t\t\t<\/div>\n\t\t\t\t\t<\/div>\n\t\t<\/div>\n\t\t\t\t\t<\/div>\n\t\t<\/section>\n\t\t\t\t<section class=\"elementor-section elementor-top-section elementor-element elementor-element-5010a6fc elementor-section-stretched elementor-section-boxed elementor-section-height-default elementor-section-height-default\" data-id=\"5010a6fc\" data-element_type=\"section\" data-e-type=\"section\" data-settings=\"{&quot;stretch_section&quot;:&quot;section-stretched&quot;,&quot;background_background&quot;:&quot;classic&quot;}\">\n\t\t\t\t\t\t<div class=\"elementor-container elementor-column-gap-no\">\n\t\t\t\t\t<div class=\"elementor-column elementor-col-100 elementor-top-column elementor-element elementor-element-405fe5d3\" data-id=\"405fe5d3\" data-element_type=\"column\" data-e-type=\"column\">\n\t\t\t<div class=\"elementor-widget-wrap elementor-element-populated\">\n\t\t\t\t\t\t<div class=\"elementor-element elementor-element-983e82d elementor-widget elementor-widget-heading\" data-id=\"983e82d\" data-element_type=\"widget\" data-e-type=\"widget\" data-widget_type=\"heading.default\">\n\t\t\t\t\t<h2 class=\"elementor-heading-title elementor-size-default\">Schwimmbad &amp; Wellness<\/h2>\t\t\t\t<\/div>\n\t\t\t\t<div class=\"elementor-element elementor-element-043dee3 elementor-widget elementor-widget-text-editor\" data-id=\"043dee3\" data-element_type=\"widget\" data-e-type=\"widget\" data-widget_type=\"text-editor.default\">\n\t\t\t\t\t\t\t\t\t<p>Totale Entspannung, ultimativer Genuss, den Kopf komplett frei bekommen und dem Alltagsstress entfliehen. Der Wellnessbereich und das Hallenbad des Hotel de Schelde sind in einem luxuri\u00f6sen und stilvollen Ambiente eingerichtet, damit Sie wohltuende Ruhe und puren Genuss erleben.<\/p>\n\t\t\t\t\t\t\t\t<\/div>\n\t\t\t\t\t<\/div>\n\t\t<\/div>\n\t\t\t\t\t<\/div>\n\t\t<\/section>\n\t\t\t\t<section class=\"elementor-section elementor-top-section elementor-element elementor-element-104bb8cd elementor-section-full_width elementor-section-stretched elementor-reverse-mobile elementor-section-height-default elementor-section-height-default\" data-id=\"104bb8cd\" data-element_type=\"section\" data-e-type=\"section\" data-settings=\"{&quot;background_background&quot;:&quot;classic&quot;,&quot;stretch_section&quot;:&quot;section-stretched&quot;}\">\n\t\t\t\t\t\t<div class=\"elementor-container elementor-column-gap-no\">\n\t\t\t\t\t<div class=\"elementor-column elementor-col-50 elementor-top-column elementor-element elementor-element-25431003\" data-id=\"25431003\" data-element_type=\"column\" data-e-type=\"column\">\n\t\t\t<div class=\"elementor-widget-wrap elementor-element-populated\">\n\t\t\t\t\t\t<div class=\"elementor-element elementor-element-6029127 elementor-widget elementor-widget-heading\" data-id=\"6029127\" data-element_type=\"widget\" data-e-type=\"widget\" data-widget_type=\"heading.default\">\n\t\t\t\t\t<h2 class=\"elementor-heading-title elementor-size-default\">Schwimmbad<\/h2>\t\t\t\t<\/div>\n\t\t\t\t<div class=\"elementor-element elementor-element-ff7fb42 elementor-widget elementor-widget-text-editor\" data-id=\"ff7fb42\" data-element_type=\"widget\" data-e-type=\"widget\" data-widget_type=\"text-editor.default\">\n\t\t\t\t\t\t\t\t\t<p class=\"Hoofdtekst\">Sie k\u00f6nnen sich im beheizten Hallenbad mit einer Sprudelbank entspannen. Die gro\u00dfen Fenster geben Ihnen das Gef\u00fchl mit dem D\u00fcnengarten verbunden zu sein. Ein perfekter Ort, um ein paar Bahnen zu schwimmen. Damit der Tag richtig beginnt.<\/p>\n\t\t\t\t\t\t\t\t<\/div>\n\t\t\t\t\t<\/div>\n\t\t<\/div>\n\t\t\t\t<div class=\"elementor-column elementor-col-50 elementor-top-column elementor-element elementor-element-4448ddc0\" data-id=\"4448ddc0\" data-element_type=\"column\" data-e-type=\"column\" data-settings=\"{&quot;background_background&quot;:&quot;slideshow&quot;,&quot;background_slideshow_gallery&quot;:[{&quot;id&quot;:8256,&quot;url&quot;:&quot;https:\\\/\\\/www.hoteldeschelde.nl\\\/wp-content\\\/uploads\\\/2023\\\/11\\\/PBF7607-opt.jpg&quot;}],&quot;background_slideshow_slide_duration&quot;:5000,&quot;background_slideshow_slide_transition&quot;:&quot;fade&quot;,&quot;background_slideshow_transition_duration&quot;:500}\">\n\t\t\t<div class=\"elementor-widget-wrap elementor-element-populated\">\n\t\t\t\t\t\t<div class=\"elementor-element elementor-element-17889cc5 elementor-widget elementor-widget-menu-anchor\" data-id=\"17889cc5\" data-element_type=\"widget\" data-e-type=\"widget\" data-widget_type=\"menu-anchor.default\">\n\t\t\t\t\t\t\t<div class=\"elementor-menu-anchor\" id=\"KomfortMeerblick\"><\/div>\n\t\t\t\t\t\t<\/div>\n\t\t\t\t<div class=\"elementor-element elementor-element-1713ee3 elementor-widget elementor-widget-spacer\" data-id=\"1713ee3\" data-element_type=\"widget\" data-e-type=\"widget\" data-widget_type=\"spacer.default\">\n\t\t\t\t\t\t\t<div class=\"elementor-spacer\">\n\t\t\t<div class=\"elementor-spacer-inner\"><\/div>\n\t\t<\/div>\n\t\t\t\t\t\t<\/div>\n\t\t\t\t\t<\/div>\n\t\t<\/div>\n\t\t\t\t\t<\/div>\n\t\t<\/section>\n\t\t\t\t<section class=\"elementor-section elementor-top-section elementor-element elementor-element-6973421a elementor-section-full_width elementor-section-stretched elementor-section-height-default elementor-section-height-default\" data-id=\"6973421a\" data-element_type=\"section\" data-e-type=\"section\" data-settings=\"{&quot;background_background&quot;:&quot;classic&quot;,&quot;stretch_section&quot;:&quot;section-stretched&quot;}\">\n\t\t\t\t\t\t<div class=\"elementor-container elementor-column-gap-no\">\n\t\t\t\t\t<div class=\"elementor-column elementor-col-50 elementor-top-column elementor-element elementor-element-134d4586\" data-id=\"134d4586\" data-element_type=\"column\" data-e-type=\"column\" data-settings=\"{&quot;background_background&quot;:&quot;slideshow&quot;,&quot;background_slideshow_gallery&quot;:[{&quot;id&quot;:8259,&quot;url&quot;:&quot;https:\\\/\\\/www.hoteldeschelde.nl\\\/wp-content\\\/uploads\\\/2023\\\/11\\\/JJM_3025_opt.jpg&quot;}],&quot;background_slideshow_slide_transition&quot;:&quot;slide_right&quot;,&quot;background_slideshow_slide_duration&quot;:5000,&quot;background_slideshow_transition_duration&quot;:500}\">\n\t\t\t<div class=\"elementor-widget-wrap elementor-element-populated\">\n\t\t\t\t\t\t<div class=\"elementor-element elementor-element-c83cda2 elementor-widget elementor-widget-spacer\" data-id=\"c83cda2\" data-element_type=\"widget\" data-e-type=\"widget\" data-widget_type=\"spacer.default\">\n\t\t\t\t\t\t\t<div class=\"elementor-spacer\">\n\t\t\t<div class=\"elementor-spacer-inner\"><\/div>\n\t\t<\/div>\n\t\t\t\t\t\t<\/div>\n\t\t\t\t\t<\/div>\n\t\t<\/div>\n\t\t\t\t<div class=\"elementor-column elementor-col-50 elementor-top-column elementor-element elementor-element-6769de6b\" data-id=\"6769de6b\" data-element_type=\"column\" data-e-type=\"column\">\n\t\t\t<div class=\"elementor-widget-wrap elementor-element-populated\">\n\t\t\t\t\t\t<div class=\"elementor-element elementor-element-329a1955 elementor-widget elementor-widget-heading\" data-id=\"329a1955\" data-element_type=\"widget\" data-e-type=\"widget\" data-widget_type=\"heading.default\">\n\t\t\t\t\t<h2 class=\"elementor-heading-title elementor-size-default\">Wellness<\/h2>\t\t\t\t<\/div>\n\t\t\t\t<div class=\"elementor-element elementor-element-8eb897b elementor-widget elementor-widget-text-editor\" data-id=\"8eb897b\" data-element_type=\"widget\" data-e-type=\"widget\" data-widget_type=\"text-editor.default\">\n\t\t\t\t\t\t\t\t\t<p class=\"Hoofdtekst\">Lesen Sie ein Buch auf einem der Liegest\u00fchle oder entspannen Sie sich in der finnischen Sauna oder im Hammam-Dampfbad. Schwimmbad, Sauna und Hammam sind alle in Ihrer Zimmerreservierung enthalten.<\/p>\n<p>Badebekleidung erforderlich. Bitte benutzen Sie ein Handtuch auf den Sitz- und Liegefl\u00e4chen, auch in der Sauna und im Dampfbad.<\/p>\n\t\t\t\t\t\t\t\t<\/div>\n\t\t\t\t\t<\/div>\n\t\t<\/div>\n\t\t\t\t\t<\/div>\n\t\t<\/section>\n\t\t\t\t<\/div>\n\t\t","protected":false},"excerpt":{"rendered":"<p>Schwimmbad &amp; Wellness Totale Entspannung, ultimativer Genuss, den Kopf komplett frei bekommen und dem Alltagsstress entfliehen. Der Wellnessbereich und das Hallenbad des Hotel de Schelde sind in einem luxuri\u00f6sen und stilvollen Ambiente eingerichtet, damit Sie wohltuende Ruhe und puren Genuss erleben. Schwimmbad Sie k\u00f6nnen sich im beheizten Hallenbad mit einer Sprudelbank entspannen. Die gro\u00dfen Fenster [&hellip;]<\/p>\n","protected":false},"author":1,"featured_media":0,"parent":0,"menu_order":0,"comment_status":"closed","ping_status":"closed","template":"","meta":{"footnotes":""},"class_list":["post-3457","page","type-page","status-publish","hentry"],"yoast_head":"<!-- This site is optimized with the Yoast SEO plugin v27.5 - https:\/\/yoast.com\/product\/yoast-seo-wordpress\/ -->\n<title>Schwimmbad &amp; Wellness - Hotel de Schelde Cadzand-Bad<\/title>\n<meta name=\"robots\" content=\"index, follow, max-snippet:-1, max-image-preview:large, max-video-preview:-1\" \/>\n<link rel=\"canonical\" href=\"https:\/\/www.hoteldeschelde.nl\/de\/schwimmbad-wellness\/\" \/>\n<meta property=\"og:locale\" content=\"de_DE\" \/>\n<meta property=\"og:type\" content=\"article\" \/>\n<meta property=\"og:title\" content=\"Schwimmbad &amp; Wellness - Hotel de Schelde Cadzand-Bad\" \/>\n<meta property=\"og:description\" content=\"Schwimmbad &amp; Wellness Totale Entspannung, ultimativer Genuss, den Kopf komplett frei bekommen und dem Alltagsstress entfliehen. Der Wellnessbereich und das Hallenbad des Hotel de Schelde sind in einem luxuri\u00f6sen und stilvollen Ambiente eingerichtet, damit Sie wohltuende Ruhe und puren Genuss erleben. Schwimmbad Sie k\u00f6nnen sich im beheizten Hallenbad mit einer Sprudelbank entspannen. Die gro\u00dfen Fenster [&hellip;]\" \/>\n<meta property=\"og:url\" content=\"https:\/\/www.hoteldeschelde.nl\/de\/schwimmbad-wellness\/\" \/>\n<meta property=\"og:site_name\" content=\"Hotel de Schelde Cadzand-Bad\" \/>\n<meta property=\"article:publisher\" content=\"https:\/\/www.facebook.com\/hoteldeschelde\/?locale=nl_NL\" \/>\n<meta property=\"article:modified_time\" content=\"2023-11-18T16:10:45+00:00\" \/>\n<meta property=\"og:image\" content=\"https:\/\/www.hoteldeschelde.nl\/wp-content\/uploads\/2022\/01\/beeld-residentie.jpg\" \/>\n\t<meta property=\"og:image:width\" content=\"1920\" \/>\n\t<meta property=\"og:image:height\" content=\"1280\" \/>\n\t<meta property=\"og:image:type\" content=\"image\/jpeg\" \/>\n<meta name=\"twitter:card\" content=\"summary_large_image\" \/>\n<meta name=\"twitter:label1\" content=\"Gesch\u00e4tzte Lesezeit\" \/>\n\t<meta name=\"twitter:data1\" content=\"1\u00a0Minute\" \/>\n<script type=\"application\/ld+json\" class=\"yoast-schema-graph\">{\"@context\":\"https:\\\/\\\/schema.org\",\"@graph\":[{\"@type\":\"WebPage\",\"@id\":\"https:\\\/\\\/www.hoteldeschelde.nl\\\/de\\\/schwimmbad-wellness\\\/\",\"url\":\"https:\\\/\\\/www.hoteldeschelde.nl\\\/de\\\/schwimmbad-wellness\\\/\",\"name\":\"Schwimmbad &amp; Wellness - Hotel de Schelde Cadzand-Bad\",\"isPartOf\":{\"@id\":\"https:\\\/\\\/www.hoteldeschelde.nl\\\/#website\"},\"datePublished\":\"2022-02-04T10:39:09+00:00\",\"dateModified\":\"2023-11-18T16:10:45+00:00\",\"breadcrumb\":{\"@id\":\"https:\\\/\\\/www.hoteldeschelde.nl\\\/de\\\/schwimmbad-wellness\\\/#breadcrumb\"},\"inLanguage\":\"de\",\"potentialAction\":[{\"@type\":\"ReadAction\",\"target\":[\"https:\\\/\\\/www.hoteldeschelde.nl\\\/de\\\/schwimmbad-wellness\\\/\"]}]},{\"@type\":\"BreadcrumbList\",\"@id\":\"https:\\\/\\\/www.hoteldeschelde.nl\\\/de\\\/schwimmbad-wellness\\\/#breadcrumb\",\"itemListElement\":[{\"@type\":\"ListItem\",\"position\":1,\"name\":\"Home\",\"item\":\"https:\\\/\\\/www.hoteldeschelde.nl\\\/\"},{\"@type\":\"ListItem\",\"position\":2,\"name\":\"Schwimmbad &amp; Wellness\"}]},{\"@type\":\"WebSite\",\"@id\":\"https:\\\/\\\/www.hoteldeschelde.nl\\\/#website\",\"url\":\"https:\\\/\\\/www.hoteldeschelde.nl\\\/\",\"name\":\"Hotel De Schelde - Cadzand-Bad\",\"description\":\"Hotel de Schelde Cadzand-Bad\",\"publisher\":{\"@id\":\"https:\\\/\\\/www.hoteldeschelde.nl\\\/#organization\"},\"alternateName\":\"Hotel de Schelde\",\"potentialAction\":[{\"@type\":\"SearchAction\",\"target\":{\"@type\":\"EntryPoint\",\"urlTemplate\":\"https:\\\/\\\/www.hoteldeschelde.nl\\\/?s={search_term_string}\"},\"query-input\":{\"@type\":\"PropertyValueSpecification\",\"valueRequired\":true,\"valueName\":\"search_term_string\"}}],\"inLanguage\":\"de\"},{\"@type\":\"Organization\",\"@id\":\"https:\\\/\\\/www.hoteldeschelde.nl\\\/#organization\",\"name\":\"Hotel De Schelde Cadzand-Bad\",\"url\":\"https:\\\/\\\/www.hoteldeschelde.nl\\\/\",\"logo\":{\"@type\":\"ImageObject\",\"inLanguage\":\"de\",\"@id\":\"https:\\\/\\\/www.hoteldeschelde.nl\\\/#\\\/schema\\\/logo\\\/image\\\/\",\"url\":\"https:\\\/\\\/www.hoteldeschelde.nl\\\/wp-content\\\/uploads\\\/2021\\\/11\\\/21-11-logo-350px.png\",\"contentUrl\":\"https:\\\/\\\/www.hoteldeschelde.nl\\\/wp-content\\\/uploads\\\/2021\\\/11\\\/21-11-logo-350px.png\",\"width\":350,\"height\":113,\"caption\":\"Hotel De Schelde Cadzand-Bad\"},\"image\":{\"@id\":\"https:\\\/\\\/www.hoteldeschelde.nl\\\/#\\\/schema\\\/logo\\\/image\\\/\"},\"sameAs\":[\"https:\\\/\\\/www.facebook.com\\\/hoteldeschelde\\\/?locale=nl_NL\",\"https:\\\/\\\/www.instagram.com\\\/hoteldeschelde\\\/\"]}]}<\/script>\n<!-- \/ Yoast SEO plugin. -->","yoast_head_json":{"title":"Schwimmbad &amp; Wellness - Hotel de Schelde Cadzand-Bad","robots":{"index":"index","follow":"follow","max-snippet":"max-snippet:-1","max-image-preview":"max-image-preview:large","max-video-preview":"max-video-preview:-1"},"canonical":"https:\/\/www.hoteldeschelde.nl\/de\/schwimmbad-wellness\/","og_locale":"de_DE","og_type":"article","og_title":"Schwimmbad &amp; Wellness - Hotel de Schelde Cadzand-Bad","og_description":"Schwimmbad &amp; Wellness Totale Entspannung, ultimativer Genuss, den Kopf komplett frei bekommen und dem Alltagsstress entfliehen. Der Wellnessbereich und das Hallenbad des Hotel de Schelde sind in einem luxuri\u00f6sen und stilvollen Ambiente eingerichtet, damit Sie wohltuende Ruhe und puren Genuss erleben. Schwimmbad Sie k\u00f6nnen sich im beheizten Hallenbad mit einer Sprudelbank entspannen. Die gro\u00dfen Fenster [&hellip;]","og_url":"https:\/\/www.hoteldeschelde.nl\/de\/schwimmbad-wellness\/","og_site_name":"Hotel de Schelde Cadzand-Bad","article_publisher":"https:\/\/www.facebook.com\/hoteldeschelde\/?locale=nl_NL","article_modified_time":"2023-11-18T16:10:45+00:00","og_image":[{"width":1920,"height":1280,"url":"https:\/\/www.hoteldeschelde.nl\/wp-content\/uploads\/2022\/01\/beeld-residentie.jpg","type":"image\/jpeg"}],"twitter_card":"summary_large_image","twitter_misc":{"Gesch\u00e4tzte Lesezeit":"1\u00a0Minute"},"schema":{"@context":"https:\/\/schema.org","@graph":[{"@type":"WebPage","@id":"https:\/\/www.hoteldeschelde.nl\/de\/schwimmbad-wellness\/","url":"https:\/\/www.hoteldeschelde.nl\/de\/schwimmbad-wellness\/","name":"Schwimmbad &amp; Wellness - Hotel de Schelde Cadzand-Bad","isPartOf":{"@id":"https:\/\/www.hoteldeschelde.nl\/#website"},"datePublished":"2022-02-04T10:39:09+00:00","dateModified":"2023-11-18T16:10:45+00:00","breadcrumb":{"@id":"https:\/\/www.hoteldeschelde.nl\/de\/schwimmbad-wellness\/#breadcrumb"},"inLanguage":"de","potentialAction":[{"@type":"ReadAction","target":["https:\/\/www.hoteldeschelde.nl\/de\/schwimmbad-wellness\/"]}]},{"@type":"BreadcrumbList","@id":"https:\/\/www.hoteldeschelde.nl\/de\/schwimmbad-wellness\/#breadcrumb","itemListElement":[{"@type":"ListItem","position":1,"name":"Home","item":"https:\/\/www.hoteldeschelde.nl\/"},{"@type":"ListItem","position":2,"name":"Schwimmbad &amp; Wellness"}]},{"@type":"WebSite","@id":"https:\/\/www.hoteldeschelde.nl\/#website","url":"https:\/\/www.hoteldeschelde.nl\/","name":"Hotel De Schelde - Cadzand-Bad","description":"Hotel de Schelde Cadzand-Bad","publisher":{"@id":"https:\/\/www.hoteldeschelde.nl\/#organization"},"alternateName":"Hotel de Schelde","potentialAction":[{"@type":"SearchAction","target":{"@type":"EntryPoint","urlTemplate":"https:\/\/www.hoteldeschelde.nl\/?s={search_term_string}"},"query-input":{"@type":"PropertyValueSpecification","valueRequired":true,"valueName":"search_term_string"}}],"inLanguage":"de"},{"@type":"Organization","@id":"https:\/\/www.hoteldeschelde.nl\/#organization","name":"Hotel De Schelde Cadzand-Bad","url":"https:\/\/www.hoteldeschelde.nl\/","logo":{"@type":"ImageObject","inLanguage":"de","@id":"https:\/\/www.hoteldeschelde.nl\/#\/schema\/logo\/image\/","url":"https:\/\/www.hoteldeschelde.nl\/wp-content\/uploads\/2021\/11\/21-11-logo-350px.png","contentUrl":"https:\/\/www.hoteldeschelde.nl\/wp-content\/uploads\/2021\/11\/21-11-logo-350px.png","width":350,"height":113,"caption":"Hotel De Schelde Cadzand-Bad"},"image":{"@id":"https:\/\/www.hoteldeschelde.nl\/#\/schema\/logo\/image\/"},"sameAs":["https:\/\/www.facebook.com\/hoteldeschelde\/?locale=nl_NL","https:\/\/www.instagram.com\/hoteldeschelde\/"]}]}},"_links":{"self":[{"href":"https:\/\/www.hoteldeschelde.nl\/de\/wp-json\/wp\/v2\/pages\/3457","targetHints":{"allow":["GET"]}}],"collection":[{"href":"https:\/\/www.hoteldeschelde.nl\/de\/wp-json\/wp\/v2\/pages"}],"about":[{"href":"https:\/\/www.hoteldeschelde.nl\/de\/wp-json\/wp\/v2\/types\/page"}],"author":[{"embeddable":true,"href":"https:\/\/www.hoteldeschelde.nl\/de\/wp-json\/wp\/v2\/users\/1"}],"replies":[{"embeddable":true,"href":"https:\/\/www.hoteldeschelde.nl\/de\/wp-json\/wp\/v2\/comments?post=3457"}],"version-history":[{"count":23,"href":"https:\/\/www.hoteldeschelde.nl\/de\/wp-json\/wp\/v2\/pages\/3457\/revisions"}],"predecessor-version":[{"id":8456,"href":"https:\/\/www.hoteldeschelde.nl\/de\/wp-json\/wp\/v2\/pages\/3457\/revisions\/8456"}],"wp:attachment":[{"href":"https:\/\/www.hoteldeschelde.nl\/de\/wp-json\/wp\/v2\/media?parent=3457"}],"curies":[{"name":"wp","href":"https:\/\/api.w.org\/{rel}","templated":true}]}}