{"id":10072,"date":"2026-03-21T11:58:15","date_gmt":"2026-03-21T11:58:15","guid":{"rendered":"https:\/\/www.hoteldeschelde.nl\/radfahren\/"},"modified":"2026-03-22T10:30:14","modified_gmt":"2026-03-22T10:30:14","slug":"radfahren","status":"publish","type":"page","link":"https:\/\/www.hoteldeschelde.nl\/de\/radfahren\/","title":{"rendered":"Radfahren"},"content":{"rendered":"\t\t<div data-elementor-type=\"wp-page\" data-elementor-id=\"10072\" class=\"elementor elementor-10072 elementor-10049\" data-elementor-post-type=\"page\">\n\t\t\t\t\t\t<section class=\"elementor-section elementor-top-section elementor-element elementor-element-c4f08a3 elementor-section-boxed elementor-section-height-default elementor-section-height-default\" data-id=\"c4f08a3\" data-element_type=\"section\" data-e-type=\"section\">\n\t\t\t\t\t\t<div class=\"elementor-container elementor-column-gap-default\">\n\t\t\t\t\t<div class=\"elementor-column elementor-col-100 elementor-top-column elementor-element elementor-element-9018ea1\" data-id=\"9018ea1\" data-element_type=\"column\" data-e-type=\"column\">\n\t\t\t<div class=\"elementor-widget-wrap elementor-element-populated\">\n\t\t\t\t\t\t<div class=\"elementor-element elementor-element-d9ff048 elementor-widget elementor-widget-heading\" data-id=\"d9ff048\" data-element_type=\"widget\" data-e-type=\"widget\" data-widget_type=\"heading.default\">\n\t\t\t\t\t<h2 class=\"elementor-heading-title elementor-size-default\"><b>Radfahren Hotel de Schelde<\/b><\/h2>\t\t\t\t<\/div>\n\t\t\t\t\t<\/div>\n\t\t<\/div>\n\t\t\t\t\t<\/div>\n\t\t<\/section>\n\t\t\t\t<section class=\"elementor-section elementor-top-section elementor-element elementor-element-69d60e4 elementor-section-boxed elementor-section-height-default elementor-section-height-default\" data-id=\"69d60e4\" data-element_type=\"section\" data-e-type=\"section\">\n\t\t\t\t\t\t<div class=\"elementor-container elementor-column-gap-default\">\n\t\t\t\t\t<div class=\"elementor-column elementor-col-100 elementor-top-column elementor-element elementor-element-7c8c070\" data-id=\"7c8c070\" data-element_type=\"column\" data-e-type=\"column\">\n\t\t\t<div class=\"elementor-widget-wrap elementor-element-populated\">\n\t\t\t\t\t\t<div class=\"elementor-element elementor-element-6184e98 elementor-widget elementor-widget-text-editor\" data-id=\"6184e98\" data-element_type=\"widget\" data-e-type=\"widget\" data-widget_type=\"text-editor.default\">\n\t\t\t\t\t\t\t\t\t<div class=\"theplus-accordion-item\" role=\"tab\">\n<p>Wenn Sie Ihren Urlaub noch einen Schritt weiter machen wollen, mieten Sie ein Fahrrad in der N\u00e4he des Hotels, um die Radwege entlang der K\u00fcste von \u201eZeeuws-Vlaanderen\u201c zu erkunden. Das Hotel de Schelde vermietet selbst keine Fahrr\u00e4der. Sie k\u00f6nnen sie jedoch leicht und in der N\u00e4he mieten. Wir empfehlen Ihnen, dies im Voraus zu tun.<\/p>\n<p><strong>Neptunus Tweewielers<\/strong><br \/>\nNeptunus Tweewielers ist 500 Meter entfernt. Sie k\u00f6nnen \u00fcber die folgende Schaltfl\u00e4che reservieren.<br \/>\nReservieren Sie \u00fcber diese Schaltfl\u00e4che f\u00fcr einen sch\u00f6nen <span style=\"text-decoration: underline;\">Rabatt und ohne Reservierungsgeb\u00fchren<\/span> auf Ihre Reservierung bei Neptunus.<\/p>\n<\/div>\n\t\t\t\t\t\t\t\t<\/div>\n\t\t\t\t<div class=\"elementor-element elementor-element-6b0e901 elementor-align-center elementor-widget elementor-widget-button\" data-id=\"6b0e901\" data-element_type=\"widget\" data-e-type=\"widget\" data-widget_type=\"button.default\">\n\t\t\t\t\t\t\t\t\t\t<a class=\"elementor-button elementor-button-link elementor-size-sm\" href=\"https:\/\/hoteldeschelde.fietsreserveren.nl\/\">\n\t\t\t\t\t\t<span class=\"elementor-button-content-wrapper\">\n\t\t\t\t\t\t\t\t\t<span class=\"elementor-button-text\">Neptunus Tweewielers<\/span>\n\t\t\t\t\t<\/span>\n\t\t\t\t\t<\/a>\n\t\t\t\t\t\t\t\t<\/div>\n\t\t\t\t<div class=\"elementor-element elementor-element-2754d29 elementor-widget elementor-widget-text-editor\" data-id=\"2754d29\" data-element_type=\"widget\" data-e-type=\"widget\" data-widget_type=\"text-editor.default\">\n\t\t\t\t\t\t\t\t\t<div class=\"theplus-accordion-item\" role=\"tab\">\n<div id=\"elementor-tab-content-16514\" class=\"elementor-tab-content elementor-clearfix plus-accordion-content no active\" role=\"tabpanel\" data-tab=\"14\" aria-labelledby=\"elementor-tab-title-16514\">\n<div class=\"plus-content-editor\">\n<p><b>Wordlbike Zeeland<br \/>\n<\/b><span style=\"color: #000000;\">Dieser Fahrradverleih befindet sich im selben Geb\u00e4ude wie das Hotel und ist daher sehr nah. Bei Wordlbike Zeeland k\u00f6nnen Sie \u00fcber diese Schaltfl\u00e4che reservieren:<\/span><\/p>\n<\/div>\n<p><\/div>\n<p><\/div>\n\t\t\t\t\t\t\t\t<\/div>\n\t\t\t\t<div class=\"elementor-element elementor-element-ef51b4e elementor-align-center elementor-widget elementor-widget-button\" data-id=\"ef51b4e\" data-element_type=\"widget\" data-e-type=\"widget\" data-widget_type=\"button.default\">\n\t\t\t\t\t\t\t\t\t\t<a class=\"elementor-button elementor-button-link elementor-size-sm\" href=\"https:\/\/www.worldbikezeeland.nl\/fiets-huren-in-cadzand\">\n\t\t\t\t\t\t<span class=\"elementor-button-content-wrapper\">\n\t\t\t\t\t\t\t\t\t<span class=\"elementor-button-text\">Wordlbike Zeeland<\/span>\n\t\t\t\t\t<\/span>\n\t\t\t\t\t<\/a>\n\t\t\t\t\t\t\t\t<\/div>\n\t\t\t\t<div class=\"elementor-element elementor-element-1d31065 elementor-widget elementor-widget-text-editor\" data-id=\"1d31065\" data-element_type=\"widget\" data-e-type=\"widget\" data-widget_type=\"text-editor.default\">\n\t\t\t\t\t\t\t\t\t<div class=\"theplus-accordion-item\" role=\"tab\">\n<div id=\"elementor-tab-content-16514\" class=\"elementor-tab-content elementor-clearfix plus-accordion-content no active\" role=\"tabpanel\" data-tab=\"14\" aria-labelledby=\"elementor-tab-title-16514\">\n<div class=\"plus-content-editor\">\n<div>\n<p>Wir haben auch einen Fahrradkeller, um Ihr Fahrrad f\u00fcr die Nacht zu lagern oder aufzuladen.<\/p>\n<\/div>\n<p><\/p>\n<div id=\"elementor-tab-content-16514\" class=\"elementor-tab-content elementor-clearfix plus-accordion-content no active\" role=\"tabpanel\" data-tab=\"14\" aria-labelledby=\"elementor-tab-title-16514\">\n<div class=\"plus-content-editor\">\n<p><b>Wohnungen:<br \/>\n<\/b>F\u00fcr unsere G\u00e4ste in den Wohnungen haben wir einen Abstellraum im Parkkeller.<\/p>\n<\/div>\n<p><\/div>\n<p><\/div>\n<p><\/div>\n<p><\/div>\n<p><\/p>\n<div class=\"theplus-accordion-item\" role=\"tab\">\n<div id=\"elementor-tab-title-16515\" class=\"elementor-tab-title plus-accordion-header no text-left \" data-tab=\"15\" aria-controls=\"elementor-tab-content-16515\"><\/div>\n<p><\/div>\n\t\t\t\t\t\t\t\t<\/div>\n\t\t\t\t<div class=\"elementor-element elementor-element-e812d8f elementor-widget elementor-widget-image\" data-id=\"e812d8f\" data-element_type=\"widget\" data-e-type=\"widget\" data-widget_type=\"image.default\">\n\t\t\t\t\t\t\t\t\t\t\t\t\t\t\t<img fetchpriority=\"high\" decoding=\"async\" width=\"1280\" height=\"1280\" src=\"https:\/\/www.hoteldeschelde.nl\/wp-content\/uploads\/2021\/12\/hotel-de-schelde-fietsen-1280-1280-e1774093598554.jpg\" class=\"attachment-full size-full wp-image-1336\" alt=\"\" \/>\t\t\t\t\t\t\t\t\t\t\t\t\t\t\t<\/div>\n\t\t\t\t\t<\/div>\n\t\t<\/div>\n\t\t\t\t\t<\/div>\n\t\t<\/section>\n\t\t\t\t<\/div>\n\t\t","protected":false},"excerpt":{"rendered":"<p>Radfahren Hotel de Schelde Wenn Sie Ihren Urlaub noch einen Schritt weiter machen wollen, mieten Sie ein Fahrrad in der N\u00e4he des Hotels, um die Radwege entlang der K\u00fcste von \u201eZeeuws-Vlaanderen\u201c zu erkunden. Das Hotel de Schelde vermietet selbst keine Fahrr\u00e4der. Sie k\u00f6nnen sie jedoch leicht und in der N\u00e4he mieten. Wir empfehlen Ihnen, dies [&hellip;]<\/p>\n","protected":false},"author":3,"featured_media":0,"parent":0,"menu_order":0,"comment_status":"closed","ping_status":"closed","template":"","meta":{"footnotes":""},"class_list":["post-10072","page","type-page","status-publish","hentry"],"yoast_head":"<!-- This site is optimized with the Yoast SEO plugin v27.5 - https:\/\/yoast.com\/product\/yoast-seo-wordpress\/ -->\n<title>Radfahren - Hotel de Schelde Cadzand-Bad<\/title>\n<meta name=\"robots\" content=\"index, follow, max-snippet:-1, max-image-preview:large, max-video-preview:-1\" \/>\n<link rel=\"canonical\" href=\"https:\/\/www.hoteldeschelde.nl\/fietsen\/\" \/>\n<meta property=\"og:locale\" content=\"de_DE\" \/>\n<meta property=\"og:type\" content=\"article\" \/>\n<meta property=\"og:title\" content=\"Radfahren - Hotel de Schelde Cadzand-Bad\" \/>\n<meta property=\"og:description\" content=\"Radfahren Hotel de Schelde Wenn Sie Ihren Urlaub noch einen Schritt weiter machen wollen, mieten Sie ein Fahrrad in der N\u00e4he des Hotels, um die Radwege entlang der K\u00fcste von \u201eZeeuws-Vlaanderen\u201c zu erkunden. Das Hotel de Schelde vermietet selbst keine Fahrr\u00e4der. Sie k\u00f6nnen sie jedoch leicht und in der N\u00e4he mieten. Wir empfehlen Ihnen, dies [&hellip;]\" \/>\n<meta property=\"og:url\" content=\"https:\/\/www.hoteldeschelde.nl\/fietsen\/\" \/>\n<meta property=\"og:site_name\" content=\"Hotel de Schelde Cadzand-Bad\" \/>\n<meta property=\"article:publisher\" content=\"https:\/\/www.facebook.com\/hoteldeschelde\/?locale=nl_NL\" \/>\n<meta property=\"article:modified_time\" content=\"2026-03-22T10:30:14+00:00\" \/>\n<meta property=\"og:image\" content=\"https:\/\/www.hoteldeschelde.nl\/wp-content\/uploads\/2021\/12\/hotel-de-schelde-fietsen-1280-1280-e1774093598554.jpg\" \/>\n\t<meta property=\"og:image:width\" content=\"1280\" \/>\n\t<meta property=\"og:image:height\" content=\"922\" \/>\n\t<meta property=\"og:image:type\" content=\"image\/jpeg\" \/>\n<meta name=\"twitter:card\" content=\"summary_large_image\" \/>\n<meta name=\"twitter:label1\" content=\"Gesch\u00e4tzte Lesezeit\" \/>\n\t<meta name=\"twitter:data1\" content=\"1\u00a0Minute\" \/>\n<script type=\"application\/ld+json\" class=\"yoast-schema-graph\">{\"@context\":\"https:\\\/\\\/schema.org\",\"@graph\":[{\"@type\":\"WebPage\",\"@id\":\"https:\\\/\\\/www.hoteldeschelde.nl\\\/fietsen\\\/\",\"url\":\"https:\\\/\\\/www.hoteldeschelde.nl\\\/fietsen\\\/\",\"name\":\"Radfahren - Hotel de Schelde Cadzand-Bad\",\"isPartOf\":{\"@id\":\"https:\\\/\\\/www.hoteldeschelde.nl\\\/#website\"},\"primaryImageOfPage\":{\"@id\":\"https:\\\/\\\/www.hoteldeschelde.nl\\\/fietsen\\\/#primaryimage\"},\"image\":{\"@id\":\"https:\\\/\\\/www.hoteldeschelde.nl\\\/fietsen\\\/#primaryimage\"},\"thumbnailUrl\":\"https:\\\/\\\/www.hoteldeschelde.nl\\\/wp-content\\\/uploads\\\/2021\\\/12\\\/hotel-de-schelde-fietsen-1280-1280-e1774093598554.jpg\",\"datePublished\":\"2026-03-21T11:58:15+00:00\",\"dateModified\":\"2026-03-22T10:30:14+00:00\",\"breadcrumb\":{\"@id\":\"https:\\\/\\\/www.hoteldeschelde.nl\\\/fietsen\\\/#breadcrumb\"},\"inLanguage\":\"de\",\"potentialAction\":[{\"@type\":\"ReadAction\",\"target\":[\"https:\\\/\\\/www.hoteldeschelde.nl\\\/fietsen\\\/\"]}]},{\"@type\":\"ImageObject\",\"inLanguage\":\"de\",\"@id\":\"https:\\\/\\\/www.hoteldeschelde.nl\\\/fietsen\\\/#primaryimage\",\"url\":\"https:\\\/\\\/www.hoteldeschelde.nl\\\/wp-content\\\/uploads\\\/2021\\\/12\\\/hotel-de-schelde-fietsen-1280-1280-e1774093598554.jpg\",\"contentUrl\":\"https:\\\/\\\/www.hoteldeschelde.nl\\\/wp-content\\\/uploads\\\/2021\\\/12\\\/hotel-de-schelde-fietsen-1280-1280-e1774093598554.jpg\"},{\"@type\":\"BreadcrumbList\",\"@id\":\"https:\\\/\\\/www.hoteldeschelde.nl\\\/fietsen\\\/#breadcrumb\",\"itemListElement\":[{\"@type\":\"ListItem\",\"position\":1,\"name\":\"Home\",\"item\":\"https:\\\/\\\/www.hoteldeschelde.nl\\\/\"},{\"@type\":\"ListItem\",\"position\":2,\"name\":\"Radfahren\"}]},{\"@type\":\"WebSite\",\"@id\":\"https:\\\/\\\/www.hoteldeschelde.nl\\\/#website\",\"url\":\"https:\\\/\\\/www.hoteldeschelde.nl\\\/\",\"name\":\"Hotel De Schelde - Cadzand-Bad\",\"description\":\"Hotel de Schelde Cadzand-Bad\",\"publisher\":{\"@id\":\"https:\\\/\\\/www.hoteldeschelde.nl\\\/#organization\"},\"alternateName\":\"Hotel de Schelde\",\"potentialAction\":[{\"@type\":\"SearchAction\",\"target\":{\"@type\":\"EntryPoint\",\"urlTemplate\":\"https:\\\/\\\/www.hoteldeschelde.nl\\\/?s={search_term_string}\"},\"query-input\":{\"@type\":\"PropertyValueSpecification\",\"valueRequired\":true,\"valueName\":\"search_term_string\"}}],\"inLanguage\":\"de\"},{\"@type\":\"Organization\",\"@id\":\"https:\\\/\\\/www.hoteldeschelde.nl\\\/#organization\",\"name\":\"Hotel De Schelde Cadzand-Bad\",\"url\":\"https:\\\/\\\/www.hoteldeschelde.nl\\\/\",\"logo\":{\"@type\":\"ImageObject\",\"inLanguage\":\"de\",\"@id\":\"https:\\\/\\\/www.hoteldeschelde.nl\\\/#\\\/schema\\\/logo\\\/image\\\/\",\"url\":\"https:\\\/\\\/www.hoteldeschelde.nl\\\/wp-content\\\/uploads\\\/2021\\\/11\\\/21-11-logo-350px.png\",\"contentUrl\":\"https:\\\/\\\/www.hoteldeschelde.nl\\\/wp-content\\\/uploads\\\/2021\\\/11\\\/21-11-logo-350px.png\",\"width\":350,\"height\":113,\"caption\":\"Hotel De Schelde Cadzand-Bad\"},\"image\":{\"@id\":\"https:\\\/\\\/www.hoteldeschelde.nl\\\/#\\\/schema\\\/logo\\\/image\\\/\"},\"sameAs\":[\"https:\\\/\\\/www.facebook.com\\\/hoteldeschelde\\\/?locale=nl_NL\",\"https:\\\/\\\/www.instagram.com\\\/hoteldeschelde\\\/\"]}]}<\/script>\n<!-- \/ Yoast SEO plugin. -->","yoast_head_json":{"title":"Radfahren - Hotel de Schelde Cadzand-Bad","robots":{"index":"index","follow":"follow","max-snippet":"max-snippet:-1","max-image-preview":"max-image-preview:large","max-video-preview":"max-video-preview:-1"},"canonical":"https:\/\/www.hoteldeschelde.nl\/fietsen\/","og_locale":"de_DE","og_type":"article","og_title":"Radfahren - Hotel de Schelde Cadzand-Bad","og_description":"Radfahren Hotel de Schelde Wenn Sie Ihren Urlaub noch einen Schritt weiter machen wollen, mieten Sie ein Fahrrad in der N\u00e4he des Hotels, um die Radwege entlang der K\u00fcste von \u201eZeeuws-Vlaanderen\u201c zu erkunden. Das Hotel de Schelde vermietet selbst keine Fahrr\u00e4der. Sie k\u00f6nnen sie jedoch leicht und in der N\u00e4he mieten. Wir empfehlen Ihnen, dies [&hellip;]","og_url":"https:\/\/www.hoteldeschelde.nl\/fietsen\/","og_site_name":"Hotel de Schelde Cadzand-Bad","article_publisher":"https:\/\/www.facebook.com\/hoteldeschelde\/?locale=nl_NL","article_modified_time":"2026-03-22T10:30:14+00:00","og_image":[{"width":1280,"height":922,"url":"https:\/\/www.hoteldeschelde.nl\/wp-content\/uploads\/2021\/12\/hotel-de-schelde-fietsen-1280-1280-e1774093598554.jpg","type":"image\/jpeg"}],"twitter_card":"summary_large_image","twitter_misc":{"Gesch\u00e4tzte Lesezeit":"1\u00a0Minute"},"schema":{"@context":"https:\/\/schema.org","@graph":[{"@type":"WebPage","@id":"https:\/\/www.hoteldeschelde.nl\/fietsen\/","url":"https:\/\/www.hoteldeschelde.nl\/fietsen\/","name":"Radfahren - Hotel de Schelde Cadzand-Bad","isPartOf":{"@id":"https:\/\/www.hoteldeschelde.nl\/#website"},"primaryImageOfPage":{"@id":"https:\/\/www.hoteldeschelde.nl\/fietsen\/#primaryimage"},"image":{"@id":"https:\/\/www.hoteldeschelde.nl\/fietsen\/#primaryimage"},"thumbnailUrl":"https:\/\/www.hoteldeschelde.nl\/wp-content\/uploads\/2021\/12\/hotel-de-schelde-fietsen-1280-1280-e1774093598554.jpg","datePublished":"2026-03-21T11:58:15+00:00","dateModified":"2026-03-22T10:30:14+00:00","breadcrumb":{"@id":"https:\/\/www.hoteldeschelde.nl\/fietsen\/#breadcrumb"},"inLanguage":"de","potentialAction":[{"@type":"ReadAction","target":["https:\/\/www.hoteldeschelde.nl\/fietsen\/"]}]},{"@type":"ImageObject","inLanguage":"de","@id":"https:\/\/www.hoteldeschelde.nl\/fietsen\/#primaryimage","url":"https:\/\/www.hoteldeschelde.nl\/wp-content\/uploads\/2021\/12\/hotel-de-schelde-fietsen-1280-1280-e1774093598554.jpg","contentUrl":"https:\/\/www.hoteldeschelde.nl\/wp-content\/uploads\/2021\/12\/hotel-de-schelde-fietsen-1280-1280-e1774093598554.jpg"},{"@type":"BreadcrumbList","@id":"https:\/\/www.hoteldeschelde.nl\/fietsen\/#breadcrumb","itemListElement":[{"@type":"ListItem","position":1,"name":"Home","item":"https:\/\/www.hoteldeschelde.nl\/"},{"@type":"ListItem","position":2,"name":"Radfahren"}]},{"@type":"WebSite","@id":"https:\/\/www.hoteldeschelde.nl\/#website","url":"https:\/\/www.hoteldeschelde.nl\/","name":"Hotel De Schelde - Cadzand-Bad","description":"Hotel de Schelde Cadzand-Bad","publisher":{"@id":"https:\/\/www.hoteldeschelde.nl\/#organization"},"alternateName":"Hotel de Schelde","potentialAction":[{"@type":"SearchAction","target":{"@type":"EntryPoint","urlTemplate":"https:\/\/www.hoteldeschelde.nl\/?s={search_term_string}"},"query-input":{"@type":"PropertyValueSpecification","valueRequired":true,"valueName":"search_term_string"}}],"inLanguage":"de"},{"@type":"Organization","@id":"https:\/\/www.hoteldeschelde.nl\/#organization","name":"Hotel De Schelde Cadzand-Bad","url":"https:\/\/www.hoteldeschelde.nl\/","logo":{"@type":"ImageObject","inLanguage":"de","@id":"https:\/\/www.hoteldeschelde.nl\/#\/schema\/logo\/image\/","url":"https:\/\/www.hoteldeschelde.nl\/wp-content\/uploads\/2021\/11\/21-11-logo-350px.png","contentUrl":"https:\/\/www.hoteldeschelde.nl\/wp-content\/uploads\/2021\/11\/21-11-logo-350px.png","width":350,"height":113,"caption":"Hotel De Schelde Cadzand-Bad"},"image":{"@id":"https:\/\/www.hoteldeschelde.nl\/#\/schema\/logo\/image\/"},"sameAs":["https:\/\/www.facebook.com\/hoteldeschelde\/?locale=nl_NL","https:\/\/www.instagram.com\/hoteldeschelde\/"]}]}},"_links":{"self":[{"href":"https:\/\/www.hoteldeschelde.nl\/de\/wp-json\/wp\/v2\/pages\/10072","targetHints":{"allow":["GET"]}}],"collection":[{"href":"https:\/\/www.hoteldeschelde.nl\/de\/wp-json\/wp\/v2\/pages"}],"about":[{"href":"https:\/\/www.hoteldeschelde.nl\/de\/wp-json\/wp\/v2\/types\/page"}],"author":[{"embeddable":true,"href":"https:\/\/www.hoteldeschelde.nl\/de\/wp-json\/wp\/v2\/users\/3"}],"replies":[{"embeddable":true,"href":"https:\/\/www.hoteldeschelde.nl\/de\/wp-json\/wp\/v2\/comments?post=10072"}],"version-history":[{"count":4,"href":"https:\/\/www.hoteldeschelde.nl\/de\/wp-json\/wp\/v2\/pages\/10072\/revisions"}],"predecessor-version":[{"id":10095,"href":"https:\/\/www.hoteldeschelde.nl\/de\/wp-json\/wp\/v2\/pages\/10072\/revisions\/10095"}],"wp:attachment":[{"href":"https:\/\/www.hoteldeschelde.nl\/de\/wp-json\/wp\/v2\/media?parent=10072"}],"curies":[{"name":"wp","href":"https:\/\/api.w.org\/{rel}","templated":true}]}}